{"id":673,"date":"2020-12-05T20:14:32","date_gmt":"2020-12-05T20:14:32","guid":{"rendered":"https:\/\/www.africa-press.com\/centrafricaine\/?page_id=673"},"modified":"2022-01-12T11:44:26","modified_gmt":"2022-01-12T11:44:26","slug":"photo","status":"publish","type":"page","link":"https:\/\/www.africa-press.net\/togo\/photo","title":{"rendered":"photo"},"content":{"rendered":"<div id=\"td_uid_1_69e0855d2584c\" class=\"tdc-zone\"><div class=\"tdc_zone td_uid_1_69e0855d25852_rand  wpb_row td-pb-row\"  >\n<style scoped>\n\n\/* custom css *\/\n.td_uid_1_69e0855d25852_rand {\r\n                    min-height: 0;\r\n                }\n<\/style><div id=\"td_uid_2_69e0855d259f1\" class=\"tdc-row\"><div class=\"vc_row td_uid_2_69e0855d259f4_rand  wpb_row td-pb-row\" >\n<style scoped>\n\n\/* custom css *\/\n.td_uid_2_69e0855d259f4_rand {\r\n                    min-height: 0;\r\n                }\n<\/style><div class=\"vc_column td_uid_3_69e0855d25b4d_rand  wpb_column vc_column_container tdc-column td-pb-span12\">\n<style scoped>\n\n\/* custom css *\/\n.td_uid_3_69e0855d25b4d_rand {\r\n                    vertical-align: baseline;\r\n                }\n<\/style><div class=\"wpb_wrapper\"><div class=\"td_block_wrap td_block_16 td_uid_4_69e0855d25c65_rand td_with_ajax_pagination td-pb-border-top td_block_template_1 td-column-3 td_block_padding\"  data-td-block-uid=\"td_uid_4_69e0855d25c65\" ><script>var block_td_uid_4_69e0855d25c65 = new tdBlock();\nblock_td_uid_4_69e0855d25c65.id = \"td_uid_4_69e0855d25c65\";\nblock_td_uid_4_69e0855d25c65.atts = '{\"mx7_el\":\".0\",\"category_id\":\"8\",\"limit\":\"10\",\"ajax_pagination\":\"load_more\",\"separator\":\"\",\"custom_title\":\"\",\"custom_url\":\"\",\"block_template_id\":\"\",\"mx7_tl\":\"\",\"m6_tl\":\"\",\"post_ids\":\"\",\"category_ids\":\"\",\"tag_slug\":\"\",\"autors_id\":\"\",\"installed_post_types\":\"\",\"sort\":\"\",\"offset\":\"\",\"show_modified_date\":\"\",\"el_class\":\"\",\"td_ajax_filter_type\":\"\",\"td_ajax_filter_ids\":\"\",\"td_filter_default_txt\":\"All\",\"td_ajax_preloading\":\"\",\"f_header_font_header\":\"\",\"f_header_font_title\":\"Block header\",\"f_header_font_settings\":\"\",\"f_header_font_family\":\"\",\"f_header_font_size\":\"\",\"f_header_font_line_height\":\"\",\"f_header_font_style\":\"\",\"f_header_font_weight\":\"\",\"f_header_font_transform\":\"\",\"f_header_font_spacing\":\"\",\"f_header_\":\"\",\"f_ajax_font_title\":\"Ajax categories\",\"f_ajax_font_settings\":\"\",\"f_ajax_font_family\":\"\",\"f_ajax_font_size\":\"\",\"f_ajax_font_line_height\":\"\",\"f_ajax_font_style\":\"\",\"f_ajax_font_weight\":\"\",\"f_ajax_font_transform\":\"\",\"f_ajax_font_spacing\":\"\",\"f_ajax_\":\"\",\"f_more_font_title\":\"Load more button\",\"f_more_font_settings\":\"\",\"f_more_font_family\":\"\",\"f_more_font_size\":\"\",\"f_more_font_line_height\":\"\",\"f_more_font_style\":\"\",\"f_more_font_weight\":\"\",\"f_more_font_transform\":\"\",\"f_more_font_spacing\":\"\",\"f_more_\":\"\",\"mx7f_title_font_header\":\"\",\"mx7f_title_font_title\":\"Article title\",\"mx7f_title_font_settings\":\"\",\"mx7f_title_font_family\":\"\",\"mx7f_title_font_size\":\"\",\"mx7f_title_font_line_height\":\"\",\"mx7f_title_font_style\":\"\",\"mx7f_title_font_weight\":\"\",\"mx7f_title_font_transform\":\"\",\"mx7f_title_font_spacing\":\"\",\"mx7f_title_\":\"\",\"mx7f_cat_font_title\":\"Article category tag\",\"mx7f_cat_font_settings\":\"\",\"mx7f_cat_font_family\":\"\",\"mx7f_cat_font_size\":\"\",\"mx7f_cat_font_line_height\":\"\",\"mx7f_cat_font_style\":\"\",\"mx7f_cat_font_weight\":\"\",\"mx7f_cat_font_transform\":\"\",\"mx7f_cat_font_spacing\":\"\",\"mx7f_cat_\":\"\",\"mx7f_meta_font_title\":\"Article meta info\",\"mx7f_meta_font_settings\":\"\",\"mx7f_meta_font_family\":\"\",\"mx7f_meta_font_size\":\"\",\"mx7f_meta_font_line_height\":\"\",\"mx7f_meta_font_style\":\"\",\"mx7f_meta_font_weight\":\"\",\"mx7f_meta_font_transform\":\"\",\"mx7f_meta_font_spacing\":\"\",\"mx7f_meta_\":\"\",\"mx7f_ex_font_title\":\"Article excerpt\",\"mx7f_ex_font_settings\":\"\",\"mx7f_ex_font_family\":\"\",\"mx7f_ex_font_size\":\"\",\"mx7f_ex_font_line_height\":\"\",\"mx7f_ex_font_style\":\"\",\"mx7f_ex_font_weight\":\"\",\"mx7f_ex_font_transform\":\"\",\"mx7f_ex_font_spacing\":\"\",\"mx7f_ex_\":\"\",\"m6f_title_font_header\":\"\",\"m6f_title_font_title\":\"Article title\",\"m6f_title_font_settings\":\"\",\"m6f_title_font_family\":\"\",\"m6f_title_font_size\":\"\",\"m6f_title_font_line_height\":\"\",\"m6f_title_font_style\":\"\",\"m6f_title_font_weight\":\"\",\"m6f_title_font_transform\":\"\",\"m6f_title_font_spacing\":\"\",\"m6f_title_\":\"\",\"m6f_cat_font_title\":\"Article category tag\",\"m6f_cat_font_settings\":\"\",\"m6f_cat_font_family\":\"\",\"m6f_cat_font_size\":\"\",\"m6f_cat_font_line_height\":\"\",\"m6f_cat_font_style\":\"\",\"m6f_cat_font_weight\":\"\",\"m6f_cat_font_transform\":\"\",\"m6f_cat_font_spacing\":\"\",\"m6f_cat_\":\"\",\"m6f_meta_font_title\":\"Article meta info\",\"m6f_meta_font_settings\":\"\",\"m6f_meta_font_family\":\"\",\"m6f_meta_font_size\":\"\",\"m6f_meta_font_line_height\":\"\",\"m6f_meta_font_style\":\"\",\"m6f_meta_font_weight\":\"\",\"m6f_meta_font_transform\":\"\",\"m6f_meta_font_spacing\":\"\",\"m6f_meta_\":\"\",\"ajax_pagination_infinite_stop\":\"\",\"css\":\"\",\"tdc_css\":\"\",\"td_column_number\":3,\"header_color\":\"\",\"color_preset\":\"\",\"border_top\":\"\",\"class\":\"td_uid_4_69e0855d25c65_rand\",\"tdc_css_class\":\"td_uid_4_69e0855d25c65_rand\",\"tdc_css_class_style\":\"td_uid_4_69e0855d25c65_rand_style\"}';\nblock_td_uid_4_69e0855d25c65.td_column_number = \"3\";\nblock_td_uid_4_69e0855d25c65.block_type = \"td_block_16\";\nblock_td_uid_4_69e0855d25c65.post_count = \"6\";\nblock_td_uid_4_69e0855d25c65.found_posts = \"6\";\nblock_td_uid_4_69e0855d25c65.header_color = \"\";\nblock_td_uid_4_69e0855d25c65.ajax_pagination_infinite_stop = \"\";\nblock_td_uid_4_69e0855d25c65.max_num_pages = \"1\";\ntdBlocksArray.push(block_td_uid_4_69e0855d25c65);\n<\/script><div class=\"td-block-title-wrap\"><\/div><div id=td_uid_4_69e0855d25c65 class=\"td_block_inner td-column-3\">\n\n\t<div class=\"td-block-row\">\n\n\t<div class=\"td-block-span4\">\n\r\n        <div class=\"td_module_mx7 td_module_wrap td-animation-stack\">\r\n            <div class=\"td-module-image\">\r\n                <div class=\"td-module-thumb\"><a href=\"https:\/\/www.africa-press.net\/togo\/culture-et-art\/decouverte-le-major-general-de-la-gendarmerie-nationale-francaise-revisite-lhistoire-de-pierre-savorgnan-de-brazza\" rel=\"bookmark\" class=\"td-image-wrap\" title=\"D\u00e9couverte : le major g\u00e9n\u00e9ral de la gendarmerie nationale fran\u00e7aise revisite l\u2019histoire de Pierre Savorgnan de Brazza\"><img loading=\"lazy\" decoding=\"async\" class=\"entry-thumb\" src=\"data:image\/png;base64,iVBORw0KGgoAAAANSUhEUgAAANoAAACWAQMAAACCSQSPAAAAA1BMVEWurq51dlI4AAAAAXRSTlMmkutdmwAAABpJREFUWMPtwQENAAAAwiD7p7bHBwwAAAAg7RD+AAGXD7BoAAAAAElFTkSuQmCC\" alt=\"D\u00e9couverte : le major g\u00e9n\u00e9ral de la gendarmerie nationale fran\u00e7aise revisite l\u2019histoire de Pierre Savorgnan de Brazza\" title=\"D\u00e9couverte : le major g\u00e9n\u00e9ral de la gendarmerie nationale fran\u00e7aise revisite l\u2019histoire de Pierre Savorgnan de Brazza\" data-type=\"image_tag\" data-img-url=\"https:\/\/static.africa-press.net\/togo\/sites\/58\/2025\/01\/sm_1737968604.879796-218x150.jpg\"  width=\"218\" height=\"150\" \/><\/a><\/div>                            <\/div>\r\n\r\n            <div class=\"item-details\">\r\n                <h3 class=\"entry-title td-module-title\"><a href=\"https:\/\/www.africa-press.net\/togo\/culture-et-art\/decouverte-le-major-general-de-la-gendarmerie-nationale-francaise-revisite-lhistoire-de-pierre-savorgnan-de-brazza\" rel=\"bookmark\" title=\"D\u00e9couverte : le major g\u00e9n\u00e9ral de la gendarmerie nationale fran\u00e7aise revisite l\u2019histoire de Pierre Savorgnan de Brazza\">D\u00e9couverte : le major g\u00e9n\u00e9ral de la gendarmerie nationale fran\u00e7aise revisite l\u2019histoire de Pierre Savorgnan de Brazza<\/a><\/h3>\r\n                <div class=\"td-module-meta-info\">\r\n                                        <span class=\"td-post-date\"><time class=\"entry-date updated td-module-date\" datetime=\"2025-01-27T12:03:09+00:00\" >2025-01-27<\/time><\/span>                                    <\/div>\r\n\r\n                <div class=\"td-excerpt\">\r\n                                    <\/div>\r\n            <\/div>\r\n\r\n        <\/div>\r\n\r\n        \n\t<\/div> <!-- .\/td-block-span4 -->\n\n\t<div class=\"td-block-span4\">\n\r\n        <div class=\"td_module_mx7 td_module_wrap td-animation-stack\">\r\n            <div class=\"td-module-image\">\r\n                <div class=\"td-module-thumb\"><a href=\"https:\/\/www.africa-press.net\/togo\/photo\/sommet-de-cooperation-scientifique-et-economique-entre-liran-et-les-pays-dafrique-de-louest\" rel=\"bookmark\" class=\"td-image-wrap\" title=\"Sommet de coop\u00e9ration scientifique et \u00e9conomique entre l&rsquo;Iran et les pays d&rsquo;Afrique de l&rsquo;Ouest\"><img loading=\"lazy\" decoding=\"async\" class=\"entry-thumb\" src=\"data:image\/png;base64,iVBORw0KGgoAAAANSUhEUgAAANoAAACWAQMAAACCSQSPAAAAA1BMVEWurq51dlI4AAAAAXRSTlMmkutdmwAAABpJREFUWMPtwQENAAAAwiD7p7bHBwwAAAAg7RD+AAGXD7BoAAAAAElFTkSuQmCC\" alt=\"Sommet de coop\u00e9ration scientifique et \u00e9conomique entre l&#039;Iran et les pays d&#039;Afrique de l&#039;Ouest\" title=\"Sommet de coop\u00e9ration scientifique et \u00e9conomique entre l&rsquo;Iran et les pays d&rsquo;Afrique de l&rsquo;Ouest\" data-type=\"image_tag\" data-img-url=\"https:\/\/static.africa-press.net\/togo\/sites\/58\/2023\/03\/postQueueImg_1678300848.73-218x150.jpg\"  width=\"218\" height=\"150\" \/><\/a><\/div>                            <\/div>\r\n\r\n            <div class=\"item-details\">\r\n                <h3 class=\"entry-title td-module-title\"><a href=\"https:\/\/www.africa-press.net\/togo\/photo\/sommet-de-cooperation-scientifique-et-economique-entre-liran-et-les-pays-dafrique-de-louest\" rel=\"bookmark\" title=\"Sommet de coop\u00e9ration scientifique et \u00e9conomique entre l&rsquo;Iran et les pays d&rsquo;Afrique de l&rsquo;Ouest\">Sommet de coop\u00e9ration scientifique et \u00e9conomique entre l&rsquo;Iran et les pays d&rsquo;Afrique de l&rsquo;Ouest<\/a><\/h3>\r\n                <div class=\"td-module-meta-info\">\r\n                                        <span class=\"td-post-date\"><time class=\"entry-date updated td-module-date\" datetime=\"2023-03-08T13:07:51+00:00\" >2023-03-08<\/time><\/span>                                    <\/div>\r\n\r\n                <div class=\"td-excerpt\">\r\n                                    <\/div>\r\n            <\/div>\r\n\r\n        <\/div>\r\n\r\n        \n\t<\/div> <!-- .\/td-block-span4 -->\n\n\t<div class=\"td-block-span4\">\n\r\n        <div class=\"td_module_mx7 td_module_wrap td-animation-stack\">\r\n            <div class=\"td-module-image\">\r\n                <div class=\"td-module-thumb\"><a href=\"https:\/\/www.africa-press.net\/togo\/photo\/rencontre-de-raeisi-avec-les-participants-a-la-conference-sur-lafrique-de-louest\" rel=\"bookmark\" class=\"td-image-wrap\" title=\"Rencontre de Raeisi avec les participants \u00e0 la conf\u00e9rence sur l&rsquo;Afrique de l&rsquo;Ouest\"><img loading=\"lazy\" decoding=\"async\" class=\"entry-thumb\" src=\"data:image\/png;base64,iVBORw0KGgoAAAANSUhEUgAAANoAAACWAQMAAACCSQSPAAAAA1BMVEWurq51dlI4AAAAAXRSTlMmkutdmwAAABpJREFUWMPtwQENAAAAwiD7p7bHBwwAAAAg7RD+AAGXD7BoAAAAAElFTkSuQmCC\" alt=\"Rencontre de Raeisi avec les participants \u00e0 la conf\u00e9rence sur l&#039;Afrique de l&#039;Ouest\" title=\"Rencontre de Raeisi avec les participants \u00e0 la conf\u00e9rence sur l&rsquo;Afrique de l&rsquo;Ouest\" data-type=\"image_tag\" data-img-url=\"https:\/\/static.africa-press.net\/togo\/sites\/58\/2023\/03\/postQueueImg_1678301062.43-218x150.jpg\"  width=\"218\" height=\"150\" \/><\/a><\/div>                            <\/div>\r\n\r\n            <div class=\"item-details\">\r\n                <h3 class=\"entry-title td-module-title\"><a href=\"https:\/\/www.africa-press.net\/togo\/photo\/rencontre-de-raeisi-avec-les-participants-a-la-conference-sur-lafrique-de-louest\" rel=\"bookmark\" title=\"Rencontre de Raeisi avec les participants \u00e0 la conf\u00e9rence sur l&rsquo;Afrique de l&rsquo;Ouest\">Rencontre de Raeisi avec les participants \u00e0 la conf\u00e9rence sur l&rsquo;Afrique de l&rsquo;Ouest<\/a><\/h3>\r\n                <div class=\"td-module-meta-info\">\r\n                                        <span class=\"td-post-date\"><time class=\"entry-date updated td-module-date\" datetime=\"2023-03-08T13:00:09+00:00\" >2023-03-08<\/time><\/span>                                    <\/div>\r\n\r\n                <div class=\"td-excerpt\">\r\n                                    <\/div>\r\n            <\/div>\r\n\r\n        <\/div>\r\n\r\n        \n\t<\/div> <!-- .\/td-block-span4 -->\n\n\t<div class=\"td-block-span4\">\n\r\n        <div class=\"td_module_mx7 td_module_wrap td-animation-stack\">\r\n            <div class=\"td-module-image\">\r\n                <div class=\"td-module-thumb\"><a href=\"https:\/\/www.africa-press.net\/togo\/photo\/en-images-expo-venez-a-la-rencontre-des-fleuves-au-musee-des-confluences-de-lyon\" rel=\"bookmark\" class=\"td-image-wrap\" title=\"EN IMAGES. Expo\u00a0: venez \u00e0 la rencontre des fleuves au Mus\u00e9e des Confluences de Lyon\"><img loading=\"lazy\" decoding=\"async\" class=\"entry-thumb\" src=\"data:image\/png;base64,iVBORw0KGgoAAAANSUhEUgAAANoAAACWAQMAAACCSQSPAAAAA1BMVEWurq51dlI4AAAAAXRSTlMmkutdmwAAABpJREFUWMPtwQENAAAAwiD7p7bHBwwAAAAg7RD+AAGXD7BoAAAAAElFTkSuQmCC\" alt=\"EN IMAGES. Expo\u00a0: venez \u00e0 la rencontre des fleuves au Mus\u00e9e des Confluences de Lyon\" title=\"EN IMAGES. Expo\u00a0: venez \u00e0 la rencontre des fleuves au Mus\u00e9e des Confluences de Lyon\" data-type=\"image_tag\" data-img-url=\"https:\/\/static.africa-press.net\/togo\/sites\/58\/2022\/11\/postQueueImg_1669133446.61-218x150.jpg\"  width=\"218\" height=\"150\" \/><\/a><\/div>                            <\/div>\r\n\r\n            <div class=\"item-details\">\r\n                <h3 class=\"entry-title td-module-title\"><a href=\"https:\/\/www.africa-press.net\/togo\/photo\/en-images-expo-venez-a-la-rencontre-des-fleuves-au-musee-des-confluences-de-lyon\" rel=\"bookmark\" title=\"EN IMAGES. Expo\u00a0: venez \u00e0 la rencontre des fleuves au Mus\u00e9e des Confluences de Lyon\">EN IMAGES. Expo\u00a0: venez \u00e0 la rencontre des fleuves au Mus\u00e9e des Confluences de Lyon<\/a><\/h3>\r\n                <div class=\"td-module-meta-info\">\r\n                                        <span class=\"td-post-date\"><time class=\"entry-date updated td-module-date\" datetime=\"2022-11-26T12:00:00+00:00\" >2022-11-26<\/time><\/span>                                    <\/div>\r\n\r\n                <div class=\"td-excerpt\">\r\n                                    <\/div>\r\n            <\/div>\r\n\r\n        <\/div>\r\n\r\n        \n\t<\/div> <!-- .\/td-block-span4 -->\n\n\t<div class=\"td-block-span4\">\n\r\n        <div class=\"td_module_mx7 td_module_wrap td-animation-stack\">\r\n            <div class=\"td-module-image\">\r\n                <div class=\"td-module-thumb\"><a href=\"https:\/\/www.africa-press.net\/togo\/culture-et-art\/togo-8eme-edition-du-sita-quelques-images-de-louverture-officielle\" rel=\"bookmark\" class=\"td-image-wrap\" title=\"Togo- 8\u00e8me \u00e9dition du SITA: Quelques images de l\u2019ouverture officielle\"><img loading=\"lazy\" decoding=\"async\" class=\"entry-thumb\" src=\"data:image\/png;base64,iVBORw0KGgoAAAANSUhEUgAAANoAAACWAQMAAACCSQSPAAAAA1BMVEWurq51dlI4AAAAAXRSTlMmkutdmwAAABpJREFUWMPtwQENAAAAwiD7p7bHBwwAAAAg7RD+AAGXD7BoAAAAAElFTkSuQmCC\" alt=\"Togo- 8\u00e8me \u00e9dition du SITA: Quelques images de l\u2019ouverture officielle\" title=\"Togo- 8\u00e8me \u00e9dition du SITA: Quelques images de l\u2019ouverture officielle\" data-type=\"image_tag\" data-img-url=\"https:\/\/static.africa-press.net\/togo\/sites\/58\/2022\/11\/postQueueImg_6-6366aedc0bd7d-218x150.jpg\"  width=\"218\" height=\"150\" \/><\/a><\/div>                            <\/div>\r\n\r\n            <div class=\"item-details\">\r\n                <h3 class=\"entry-title td-module-title\"><a href=\"https:\/\/www.africa-press.net\/togo\/culture-et-art\/togo-8eme-edition-du-sita-quelques-images-de-louverture-officielle\" rel=\"bookmark\" title=\"Togo- 8\u00e8me \u00e9dition du SITA: Quelques images de l\u2019ouverture officielle\">Togo- 8\u00e8me \u00e9dition du SITA: Quelques images de l\u2019ouverture officielle<\/a><\/h3>\r\n                <div class=\"td-module-meta-info\">\r\n                                        <span class=\"td-post-date\"><time class=\"entry-date updated td-module-date\" datetime=\"2022-11-05T18:23:56+00:00\" >2022-11-05<\/time><\/span>                                    <\/div>\r\n\r\n                <div class=\"td-excerpt\">\r\n                                    <\/div>\r\n            <\/div>\r\n\r\n        <\/div>\r\n\r\n        \n\t<\/div> <!-- .\/td-block-span4 --><\/div><!--.\/row-fluid-->\n\n\t<div class=\"td-block-row\">\n\n\t<div class=\"td-block-span4\">\n\r\n        <div class=\"td_module_mx7 td_module_wrap td-animation-stack\">\r\n            <div class=\"td-module-image\">\r\n                <div class=\"td-module-thumb\"><a href=\"https:\/\/www.africa-press.net\/togo\/politique\/togo-le-gouvernement-condamne-la-violente-attaque-terroriste-au-nord\" rel=\"bookmark\" class=\"td-image-wrap\" title=\"Togo-Le gouvernement condamne la violente attaque terroriste au nord\"><img loading=\"lazy\" decoding=\"async\" class=\"entry-thumb\" src=\"data:image\/png;base64,iVBORw0KGgoAAAANSUhEUgAAANoAAACWAQMAAACCSQSPAAAAA1BMVEWurq51dlI4AAAAAXRSTlMmkutdmwAAABpJREFUWMPtwQENAAAAwiD7p7bHBwwAAAAg7RD+AAGXD7BoAAAAAElFTkSuQmCC\" alt=\"Togo-Le gouvernement condamne la violente attaque terroriste au nord\" title=\"Togo-Le gouvernement condamne la violente attaque terroriste au nord\" data-type=\"image_tag\" data-img-url=\"https:\/\/static.africa-press.net\/togo\/sites\/58\/2022\/05\/postQueueImg_30-627c19d7c4ab0-218x150.jpg\"  width=\"218\" height=\"150\" \/><\/a><\/div>                            <\/div>\r\n\r\n            <div class=\"item-details\">\r\n                <h3 class=\"entry-title td-module-title\"><a href=\"https:\/\/www.africa-press.net\/togo\/politique\/togo-le-gouvernement-condamne-la-violente-attaque-terroriste-au-nord\" rel=\"bookmark\" title=\"Togo-Le gouvernement condamne la violente attaque terroriste au nord\">Togo-Le gouvernement condamne la violente attaque terroriste au nord<\/a><\/h3>\r\n                <div class=\"td-module-meta-info\">\r\n                                        <span class=\"td-post-date\"><time class=\"entry-date updated td-module-date\" datetime=\"2022-05-11T19:56:30+00:00\" >2022-05-11<\/time><\/span>                                    <\/div>\r\n\r\n                <div class=\"td-excerpt\">\r\n                                    <\/div>\r\n            <\/div>\r\n\r\n        <\/div>\r\n\r\n        \n\t<\/div> <!-- .\/td-block-span4 --><\/div><!--.\/row-fluid--><\/div><\/div> <!-- .\/block --><\/div><\/div><\/div><\/div><\/div><\/div>\r\n\t\t\t<script>\r\n\r\n\t\t\t\tjQuery(window).load(function () {\r\n\r\n                    var $content = jQuery('body').find('#tdc-live-iframe'),\r\n                        refWindow = undefined;\r\n\r\n                    if ($content.length) {\r\n                        $content = $content.contents();\r\n                        refWindow = document.getElementById('tdc-live-iframe').contentWindow || document.getElementById('tdc-live-iframe').contentDocument;\r\n\r\n                    } else {\r\n                        $content = jQuery('body');\r\n                        refWindow = window;\r\n                    }\r\n\r\n                    $content.find('#td_uid_1_69e0855d2584c .td-element-style').each(function (index, element) {\r\n                        \/\/jQuery(element).css('opacity', 1);\r\n                        return;\r\n                    });\r\n                });\r\n\r\n\t\t\t<\/script>\r\n\r\n\t\t\t","protected":false},"excerpt":{"rendered":"","protected":false},"author":14,"featured_media":0,"parent":0,"menu_order":0,"comment_status":"closed","ping_status":"closed","template":"","meta":{"footnotes":""},"class_list":["post-673","page","type-page","status-publish","hentry"],"yoast_head":"<!-- This site is optimized with the Yoast SEO Premium plugin v26.1 (Yoast SEO v27.0) - https:\/\/yoast.com\/product\/yoast-seo-premium-wordpress\/ -->\n<title>photo - Togo<\/title>\n<meta name=\"robots\" content=\"index, follow, max-snippet:-1, max-image-preview:large, max-video-preview:-1\" \/>\n<link rel=\"canonical\" href=\"https:\/\/www.africa-press.net\/togo\/photo\" \/>\n<meta property=\"og:locale\" content=\"fr_FR\" \/>\n<meta property=\"og:type\" content=\"article\" \/>\n<meta property=\"og:title\" content=\"photo\" \/>\n<meta property=\"og:url\" content=\"https:\/\/www.africa-press.net\/togo\/photo\" \/>\n<meta property=\"og:site_name\" content=\"Togo\" \/>\n<meta property=\"article:modified_time\" content=\"2022-01-12T11:44:26+00:00\" \/>\n<meta name=\"twitter:card\" content=\"summary_large_image\" \/>\n<script type=\"application\/ld+json\" class=\"yoast-schema-graph\">{\"@context\":\"https:\/\/schema.org\",\"@graph\":[{\"@type\":\"WebPage\",\"@id\":\"https:\/\/www.africa-press.net\/togo\/photo\",\"url\":\"https:\/\/www.africa-press.net\/togo\/photo\",\"name\":\"photo - Togo\",\"isPartOf\":{\"@id\":\"https:\/\/www.africa-press.net\/togo\/#website\"},\"datePublished\":\"2020-12-05T20:14:32+00:00\",\"dateModified\":\"2022-01-12T11:44:26+00:00\",\"breadcrumb\":{\"@id\":\"https:\/\/www.africa-press.net\/togo\/photo#breadcrumb\"},\"inLanguage\":\"fr-FR\",\"potentialAction\":[{\"@type\":\"ReadAction\",\"target\":[\"https:\/\/www.africa-press.net\/togo\/photo\"]}]},{\"@type\":\"BreadcrumbList\",\"@id\":\"https:\/\/www.africa-press.net\/togo\/photo#breadcrumb\",\"itemListElement\":[{\"@type\":\"ListItem\",\"position\":1,\"name\":\"Accueil\",\"item\":\"https:\/\/www.africa-press.net\/togo\/\"},{\"@type\":\"ListItem\",\"position\":2,\"name\":\"photo\"}]},{\"@type\":\"WebSite\",\"@id\":\"https:\/\/www.africa-press.net\/togo\/#website\",\"url\":\"https:\/\/www.africa-press.net\/togo\/\",\"name\":\"Togo\",\"description\":\"Just another Africa News Agency Sites site\",\"potentialAction\":[{\"@type\":\"SearchAction\",\"target\":{\"@type\":\"EntryPoint\",\"urlTemplate\":\"https:\/\/www.africa-press.net\/togo\/?s={search_term_string}\"},\"query-input\":{\"@type\":\"PropertyValueSpecification\",\"valueRequired\":true,\"valueName\":\"search_term_string\"}}],\"inLanguage\":\"fr-FR\"}]}<\/script>\n<!-- \/ Yoast SEO Premium plugin. -->","yoast_head_json":{"title":"photo - Togo","robots":{"index":"index","follow":"follow","max-snippet":"max-snippet:-1","max-image-preview":"max-image-preview:large","max-video-preview":"max-video-preview:-1"},"canonical":"https:\/\/www.africa-press.net\/togo\/photo","og_locale":"fr_FR","og_type":"article","og_title":"photo","og_url":"https:\/\/www.africa-press.net\/togo\/photo","og_site_name":"Togo","article_modified_time":"2022-01-12T11:44:26+00:00","twitter_card":"summary_large_image","schema":{"@context":"https:\/\/schema.org","@graph":[{"@type":"WebPage","@id":"https:\/\/www.africa-press.net\/togo\/photo","url":"https:\/\/www.africa-press.net\/togo\/photo","name":"photo - Togo","isPartOf":{"@id":"https:\/\/www.africa-press.net\/togo\/#website"},"datePublished":"2020-12-05T20:14:32+00:00","dateModified":"2022-01-12T11:44:26+00:00","breadcrumb":{"@id":"https:\/\/www.africa-press.net\/togo\/photo#breadcrumb"},"inLanguage":"fr-FR","potentialAction":[{"@type":"ReadAction","target":["https:\/\/www.africa-press.net\/togo\/photo"]}]},{"@type":"BreadcrumbList","@id":"https:\/\/www.africa-press.net\/togo\/photo#breadcrumb","itemListElement":[{"@type":"ListItem","position":1,"name":"Accueil","item":"https:\/\/www.africa-press.net\/togo\/"},{"@type":"ListItem","position":2,"name":"photo"}]},{"@type":"WebSite","@id":"https:\/\/www.africa-press.net\/togo\/#website","url":"https:\/\/www.africa-press.net\/togo\/","name":"Togo","description":"Just another Africa News Agency Sites site","potentialAction":[{"@type":"SearchAction","target":{"@type":"EntryPoint","urlTemplate":"https:\/\/www.africa-press.net\/togo\/?s={search_term_string}"},"query-input":{"@type":"PropertyValueSpecification","valueRequired":true,"valueName":"search_term_string"}}],"inLanguage":"fr-FR"}]}},"_links":{"self":[{"href":"https:\/\/www.africa-press.net\/togo\/wp-json\/wp\/v2\/pages\/673","targetHints":{"allow":["GET"]}}],"collection":[{"href":"https:\/\/www.africa-press.net\/togo\/wp-json\/wp\/v2\/pages"}],"about":[{"href":"https:\/\/www.africa-press.net\/togo\/wp-json\/wp\/v2\/types\/page"}],"author":[{"embeddable":true,"href":"https:\/\/www.africa-press.net\/togo\/wp-json\/wp\/v2\/users\/14"}],"replies":[{"embeddable":true,"href":"https:\/\/www.africa-press.net\/togo\/wp-json\/wp\/v2\/comments?post=673"}],"version-history":[{"count":0,"href":"https:\/\/www.africa-press.net\/togo\/wp-json\/wp\/v2\/pages\/673\/revisions"}],"wp:attachment":[{"href":"https:\/\/www.africa-press.net\/togo\/wp-json\/wp\/v2\/media?parent=673"}],"curies":[{"name":"wp","href":"https:\/\/api.w.org\/{rel}","templated":true}]}}